{"id":1058,"date":"2022-07-13T15:36:50","date_gmt":"2022-07-13T13:36:50","guid":{"rendered":"https:\/\/shop.physiolac.com\/nos-produits\/lait-de-croissance-bio\/"},"modified":"2026-05-09T13:39:15","modified_gmt":"2026-05-09T11:39:15","slug":"lait-de-croissance-bio","status":"publish","type":"product","link":"https:\/\/shop.physiolac.com\/en\/nos-produits\/lait-de-croissance-bio\/","title":{"rendered":"Lait de croissance Bio"},"content":{"rendered":"<p>La NATURE et l&#8217;INNOVATION au coeur de nos formules.<\/p>\n<p>Lait de suite biologique en poudre pour nourrissons \u00e0 partir de 10 mois et aliment lact\u00e9 biologique en poudre pour enfants en bas \u00e2ge de 1 \u00e0 3 ans.<\/p>\n<p>Nos laits infantiles Bio sont \u00e9labor\u00e9s avec du lait \u00e9cr\u00e9m\u00e9 et de la cr\u00e8me de lait issus de vaches 100% fran\u00e7aises. Ils sont fabriqu\u00e9s en Vend\u00e9e. Expert en nutrition infantile depuis plus de 30 ans, nos laits r\u00e9pondent aux besoins nutritionnels sp\u00e9cifiques des b\u00e9b\u00e9s, conform\u00e9ment \u00e0 la r\u00e8glementation.<\/p>\n<p>Formul\u00e9 sans huile de palme, Physiolac Bio 3 contient notamment :<br \/>\n\u2022 de la cr\u00e8me de lait Bio,<br \/>\n\u2022 des fibres Bio GOS et FOS,<br \/>\n\u2022 du bisglycinate de fer assimilable,<br \/>\n\u2022 du fer*, du zinc* et de la vitamine C* pour contribuer au maintien du bon fonctionnement du syst\u00e8me immunitaire,<br \/>\n\u2022 de la vitamine D* et du calcium* pour le maintien d\u2019un bon d\u00e9veloppement osseux.<\/p>\n<p>*Comme l&#8217;exige la l\u00e9gislation pour toutes les pr\u00e9parations de suite.<\/p>\n","protected":false},"excerpt":{"rendered":"<p>Physiolac Bio 3 est fabriqu\u00e9 en Vend\u00e9e, avec du lait \u00e9cr\u00e9m\u00e9 100% fran\u00e7ais.<\/p>\n<p>Formul\u00e9\u00a0sans huile de palme, il contient notamment :<br \/>\n\u2022 de la cr\u00e8me de lait Bio,<br \/>\n\u2022 des fibres Bio GOS et FOS,<br \/>\n\u2022 du bisglycinate de fer assimilable,<br \/>\n\u2022 de la vitamine D* n\u00e9cessaire au maintien d&#8217;une bonne croissance et d&#8217;un bon d\u00e9veloppement osseux.<\/p>\n<p>*Comme l&#8217;exige la l\u00e9gislation pour toutes les pr\u00e9parations de suite.<\/p>\n","protected":false},"featured_media":128854,"template":"","meta":{"_acf_changed":false,"inline_featured_image":false},"product_brand":[],"product_cat":[27],"product_tag":[],"class_list":{"0":"post-1058","1":"product","2":"type-product","3":"status-publish","4":"has-post-thumbnail","6":"product_cat-lait-infantile-bio","8":"first","9":"instock","10":"taxable","11":"shipping-taxable","12":"purchasable","13":"product-type-simple"},"bundled_by":["1073"],"bundle_stock_status":"instock","bundle_stock_quantity":719,"bundle_virtual":false,"bundle_layout":"","bundle_add_to_cart_form_location":"","bundle_editable_in_cart":false,"bundle_sold_individually_context":"","bundle_item_grouping":"","bundle_min_size":"","bundle_max_size":"","bundle_price":[],"bundled_items":[],"bundle_sell_ids":[],"acf":[],"yoast_head":"<!-- This site is optimized with the Yoast SEO plugin v25.2 - https:\/\/yoast.com\/wordpress\/plugins\/seo\/ -->\n<title>Lait de Croissance Bio - 10 \u00e0 36 mois - Fabriqu\u00e9 en France | Physiolac<\/title>\n<meta name=\"description\" content=\"D\u00e9couvrez le Lait infantile BIO pour le biberon de b\u00e9b\u00e9 10 \u00e0 36 mois. Lait croissance 3i\u00e8me \u00e2ge. Sans huile de palme. Fabriqu\u00e9 en France\" \/>\n<meta name=\"robots\" content=\"index, follow, max-snippet:-1, max-image-preview:large, max-video-preview:-1\" \/>\n<link rel=\"canonical\" href=\"https:\/\/shop.physiolac.com\/nos-produits\/lait-de-croissance-bio\/\" \/>\n<meta property=\"og:locale\" content=\"en_US\" \/>\n<meta property=\"og:type\" content=\"article\" \/>\n<meta property=\"og:title\" content=\"Lait de Croissance Bio - 10 \u00e0 36 mois - Fabriqu\u00e9 en France | Physiolac\" \/>\n<meta property=\"og:description\" content=\"D\u00e9couvrez le Lait infantile BIO pour le biberon de b\u00e9b\u00e9 10 \u00e0 36 mois. Lait croissance 3i\u00e8me \u00e2ge. Sans huile de palme. Fabriqu\u00e9 en France\" \/>\n<meta property=\"og:url\" content=\"https:\/\/shop.physiolac.com\/nos-produits\/lait-de-croissance-bio\/\" \/>\n<meta property=\"og:site_name\" content=\"Eshop Physiolac\" \/>\n<meta property=\"article:publisher\" content=\"https:\/\/www.facebook.com\/physiolac.official\" \/>\n<meta property=\"article:modified_time\" content=\"2026-05-09T11:39:15+00:00\" \/>\n<meta property=\"og:image\" content=\"https:\/\/shop.physiolac.com\/wp-content\/uploads\/2023\/10\/LAC-612418-3518646124181-EPS_06-23-2.webp\" \/>\n\t<meta property=\"og:image:width\" content=\"1080\" \/>\n\t<meta property=\"og:image:height\" content=\"1080\" \/>\n\t<meta property=\"og:image:type\" content=\"image\/webp\" \/>\n<meta name=\"twitter:card\" content=\"summary_large_image\" \/>\n<meta name=\"twitter:title\" content=\"Lait de Croissance Bio - 10-36 mois - Fabriqu\u00e9 en Vend\u00e9e | Acheter en ligne | Physiolac\" \/>\n<meta name=\"twitter:description\" content=\"Lait infantile BIO pour le biberon de b\u00e9b\u00e9 10-36 mois. Lait croissance 3i\u00e8me \u00e2ge. Sans huile de palme. Fabriqu\u00e9 en France\" \/>\n<meta name=\"twitter:label1\" content=\"Est. reading time\" \/>\n\t<meta name=\"twitter:data1\" content=\"2 minutes\" \/>\n<script type=\"application\/ld+json\" class=\"yoast-schema-graph\">{\"@context\":\"https:\/\/schema.org\",\"@graph\":[{\"@type\":\"WebPage\",\"@id\":\"https:\/\/shop.physiolac.com\/nos-produits\/lait-de-croissance-bio\/\",\"url\":\"https:\/\/shop.physiolac.com\/nos-produits\/lait-de-croissance-bio\/\",\"name\":\"Lait de Croissance Bio - 10 \u00e0 36 mois - Fabriqu\u00e9 en France | Physiolac\",\"isPartOf\":{\"@id\":\"https:\/\/shop.physiolac.com\/#website\"},\"primaryImageOfPage\":{\"@id\":\"https:\/\/shop.physiolac.com\/nos-produits\/lait-de-croissance-bio\/#primaryimage\"},\"image\":{\"@id\":\"https:\/\/shop.physiolac.com\/nos-produits\/lait-de-croissance-bio\/#primaryimage\"},\"thumbnailUrl\":\"https:\/\/shop.physiolac.com\/wp-content\/uploads\/2026\/04\/LAC-612418-3518646124181-EPS_07-24-1.webp\",\"datePublished\":\"2022-07-13T13:36:50+00:00\",\"dateModified\":\"2026-05-09T11:39:15+00:00\",\"description\":\"D\u00e9couvrez le Lait infantile BIO pour le biberon de b\u00e9b\u00e9 10 \u00e0 36 mois. Lait croissance 3i\u00e8me \u00e2ge. Sans huile de palme. Fabriqu\u00e9 en France\",\"breadcrumb\":{\"@id\":\"https:\/\/shop.physiolac.com\/nos-produits\/lait-de-croissance-bio\/#breadcrumb\"},\"inLanguage\":\"en-US\",\"potentialAction\":[{\"@type\":\"ReadAction\",\"target\":[\"https:\/\/shop.physiolac.com\/nos-produits\/lait-de-croissance-bio\/\"]}]},{\"@type\":\"ImageObject\",\"inLanguage\":\"en-US\",\"@id\":\"https:\/\/shop.physiolac.com\/nos-produits\/lait-de-croissance-bio\/#primaryimage\",\"url\":\"https:\/\/shop.physiolac.com\/wp-content\/uploads\/2026\/04\/LAC-612418-3518646124181-EPS_07-24-1.webp\",\"contentUrl\":\"https:\/\/shop.physiolac.com\/wp-content\/uploads\/2026\/04\/LAC-612418-3518646124181-EPS_07-24-1.webp\",\"width\":1080,\"height\":1080,\"caption\":\"PHYSIOLAC Lait de croissance Bio\"},{\"@type\":\"BreadcrumbList\",\"@id\":\"https:\/\/shop.physiolac.com\/nos-produits\/lait-de-croissance-bio\/#breadcrumb\",\"itemListElement\":[{\"@type\":\"ListItem\",\"position\":1,\"name\":\"Accueil\",\"item\":\"https:\/\/shop.physiolac.com\/\"},{\"@type\":\"ListItem\",\"position\":2,\"name\":\"Nos Produits\",\"item\":\"https:\/\/shop.physiolac.com\/nos-produits\/\"},{\"@type\":\"ListItem\",\"position\":3,\"name\":\"Lait de croissance Bio\"}]},{\"@type\":\"WebSite\",\"@id\":\"https:\/\/shop.physiolac.com\/#website\",\"url\":\"https:\/\/shop.physiolac.com\/\",\"name\":\"Eshop Physiolac\",\"description\":\"Un site utilisant WordPress\",\"publisher\":{\"@id\":\"https:\/\/shop.physiolac.com\/#organization\"},\"potentialAction\":[{\"@type\":\"SearchAction\",\"target\":{\"@type\":\"EntryPoint\",\"urlTemplate\":\"https:\/\/shop.physiolac.com\/?s={search_term_string}\"},\"query-input\":{\"@type\":\"PropertyValueSpecification\",\"valueRequired\":true,\"valueName\":\"search_term_string\"}}],\"inLanguage\":\"en-US\"},{\"@type\":\"Organization\",\"@id\":\"https:\/\/shop.physiolac.com\/#organization\",\"name\":\"Physiolac\",\"url\":\"https:\/\/shop.physiolac.com\/\",\"logo\":{\"@type\":\"ImageObject\",\"inLanguage\":\"en-US\",\"@id\":\"https:\/\/shop.physiolac.com\/#\/schema\/logo\/image\/\",\"url\":\"https:\/\/shop.physiolac.com\/wp-content\/uploads\/2022\/07\/logo-physiolac-lg.svg\",\"contentUrl\":\"https:\/\/shop.physiolac.com\/wp-content\/uploads\/2022\/07\/logo-physiolac-lg.svg\",\"width\":\"1024\",\"height\":\"1024\",\"caption\":\"Physiolac\"},\"image\":{\"@id\":\"https:\/\/shop.physiolac.com\/#\/schema\/logo\/image\/\"},\"sameAs\":[\"https:\/\/www.facebook.com\/physiolac.official\",\"https:\/\/www.instagram.com\/physiolac\/\"]}]}<\/script>\n<!-- \/ Yoast SEO plugin. -->","yoast_head_json":{"title":"Lait de Croissance Bio - 10 \u00e0 36 mois - Fabriqu\u00e9 en France | Physiolac","description":"D\u00e9couvrez le Lait infantile BIO pour le biberon de b\u00e9b\u00e9 10 \u00e0 36 mois. Lait croissance 3i\u00e8me \u00e2ge. Sans huile de palme. Fabriqu\u00e9 en France","robots":{"index":"index","follow":"follow","max-snippet":"max-snippet:-1","max-image-preview":"max-image-preview:large","max-video-preview":"max-video-preview:-1"},"canonical":"https:\/\/shop.physiolac.com\/nos-produits\/lait-de-croissance-bio\/","og_locale":"en_US","og_type":"article","og_title":"Lait de Croissance Bio - 10 \u00e0 36 mois - Fabriqu\u00e9 en France | Physiolac","og_description":"D\u00e9couvrez le Lait infantile BIO pour le biberon de b\u00e9b\u00e9 10 \u00e0 36 mois. Lait croissance 3i\u00e8me \u00e2ge. Sans huile de palme. Fabriqu\u00e9 en France","og_url":"https:\/\/shop.physiolac.com\/nos-produits\/lait-de-croissance-bio\/","og_site_name":"Eshop Physiolac","article_publisher":"https:\/\/www.facebook.com\/physiolac.official","article_modified_time":"2026-05-09T11:39:15+00:00","og_image":[{"width":1080,"height":1080,"url":"https:\/\/shop.physiolac.com\/wp-content\/uploads\/2023\/10\/LAC-612418-3518646124181-EPS_06-23-2.webp","type":"image\/webp"}],"twitter_card":"summary_large_image","twitter_title":"Lait de Croissance Bio - 10-36 mois - Fabriqu\u00e9 en Vend\u00e9e | Acheter en ligne | Physiolac","twitter_description":"Lait infantile BIO pour le biberon de b\u00e9b\u00e9 10-36 mois. Lait croissance 3i\u00e8me \u00e2ge. Sans huile de palme. Fabriqu\u00e9 en France","twitter_misc":{"Est. reading time":"2 minutes"},"schema":{"@context":"https:\/\/schema.org","@graph":[{"@type":"WebPage","@id":"https:\/\/shop.physiolac.com\/nos-produits\/lait-de-croissance-bio\/","url":"https:\/\/shop.physiolac.com\/nos-produits\/lait-de-croissance-bio\/","name":"Lait de Croissance Bio - 10 \u00e0 36 mois - Fabriqu\u00e9 en France | Physiolac","isPartOf":{"@id":"https:\/\/shop.physiolac.com\/#website"},"primaryImageOfPage":{"@id":"https:\/\/shop.physiolac.com\/nos-produits\/lait-de-croissance-bio\/#primaryimage"},"image":{"@id":"https:\/\/shop.physiolac.com\/nos-produits\/lait-de-croissance-bio\/#primaryimage"},"thumbnailUrl":"https:\/\/shop.physiolac.com\/wp-content\/uploads\/2026\/04\/LAC-612418-3518646124181-EPS_07-24-1.webp","datePublished":"2022-07-13T13:36:50+00:00","dateModified":"2026-05-09T11:39:15+00:00","description":"D\u00e9couvrez le Lait infantile BIO pour le biberon de b\u00e9b\u00e9 10 \u00e0 36 mois. Lait croissance 3i\u00e8me \u00e2ge. Sans huile de palme. Fabriqu\u00e9 en France","breadcrumb":{"@id":"https:\/\/shop.physiolac.com\/nos-produits\/lait-de-croissance-bio\/#breadcrumb"},"inLanguage":"en-US","potentialAction":[{"@type":"ReadAction","target":["https:\/\/shop.physiolac.com\/nos-produits\/lait-de-croissance-bio\/"]}]},{"@type":"ImageObject","inLanguage":"en-US","@id":"https:\/\/shop.physiolac.com\/nos-produits\/lait-de-croissance-bio\/#primaryimage","url":"https:\/\/shop.physiolac.com\/wp-content\/uploads\/2026\/04\/LAC-612418-3518646124181-EPS_07-24-1.webp","contentUrl":"https:\/\/shop.physiolac.com\/wp-content\/uploads\/2026\/04\/LAC-612418-3518646124181-EPS_07-24-1.webp","width":1080,"height":1080,"caption":"PHYSIOLAC Lait de croissance Bio"},{"@type":"BreadcrumbList","@id":"https:\/\/shop.physiolac.com\/nos-produits\/lait-de-croissance-bio\/#breadcrumb","itemListElement":[{"@type":"ListItem","position":1,"name":"Accueil","item":"https:\/\/shop.physiolac.com\/"},{"@type":"ListItem","position":2,"name":"Nos Produits","item":"https:\/\/shop.physiolac.com\/nos-produits\/"},{"@type":"ListItem","position":3,"name":"Lait de croissance Bio"}]},{"@type":"WebSite","@id":"https:\/\/shop.physiolac.com\/#website","url":"https:\/\/shop.physiolac.com\/","name":"Eshop Physiolac","description":"Un site utilisant WordPress","publisher":{"@id":"https:\/\/shop.physiolac.com\/#organization"},"potentialAction":[{"@type":"SearchAction","target":{"@type":"EntryPoint","urlTemplate":"https:\/\/shop.physiolac.com\/?s={search_term_string}"},"query-input":{"@type":"PropertyValueSpecification","valueRequired":true,"valueName":"search_term_string"}}],"inLanguage":"en-US"},{"@type":"Organization","@id":"https:\/\/shop.physiolac.com\/#organization","name":"Physiolac","url":"https:\/\/shop.physiolac.com\/","logo":{"@type":"ImageObject","inLanguage":"en-US","@id":"https:\/\/shop.physiolac.com\/#\/schema\/logo\/image\/","url":"https:\/\/shop.physiolac.com\/wp-content\/uploads\/2022\/07\/logo-physiolac-lg.svg","contentUrl":"https:\/\/shop.physiolac.com\/wp-content\/uploads\/2022\/07\/logo-physiolac-lg.svg","width":"1024","height":"1024","caption":"Physiolac"},"image":{"@id":"https:\/\/shop.physiolac.com\/#\/schema\/logo\/image\/"},"sameAs":["https:\/\/www.facebook.com\/physiolac.official","https:\/\/www.instagram.com\/physiolac\/"]}]}},"_links":{"self":[{"href":"https:\/\/shop.physiolac.com\/en\/wp-json\/wp\/v2\/product\/1058","targetHints":{"allow":["GET"]}}],"collection":[{"href":"https:\/\/shop.physiolac.com\/en\/wp-json\/wp\/v2\/product"}],"about":[{"href":"https:\/\/shop.physiolac.com\/en\/wp-json\/wp\/v2\/types\/product"}],"wp:featuredmedia":[{"embeddable":true,"href":"https:\/\/shop.physiolac.com\/en\/wp-json\/wp\/v2\/media\/128854"}],"wp:attachment":[{"href":"https:\/\/shop.physiolac.com\/en\/wp-json\/wp\/v2\/media?parent=1058"}],"wp:term":[{"taxonomy":"product_brand","embeddable":true,"href":"https:\/\/shop.physiolac.com\/en\/wp-json\/wp\/v2\/product_brand?post=1058"},{"taxonomy":"product_cat","embeddable":true,"href":"https:\/\/shop.physiolac.com\/en\/wp-json\/wp\/v2\/product_cat?post=1058"},{"taxonomy":"product_tag","embeddable":true,"href":"https:\/\/shop.physiolac.com\/en\/wp-json\/wp\/v2\/product_tag?post=1058"}],"curies":[{"name":"wp","href":"https:\/\/api.w.org\/{rel}","templated":true}]}}