{"id":1071,"date":"2022-07-13T15:41:16","date_gmt":"2022-07-13T13:41:16","guid":{"rendered":"https:\/\/shop.physiolac.com\/nos-produits\/lot-x6-lait-infantile-2eme-age\/"},"modified":"2026-03-26T16:01:39","modified_gmt":"2026-03-26T15:01:39","slug":"lot-x6-lait-infantile-2eme-age","status":"publish","type":"product","link":"https:\/\/shop.physiolac.com\/en\/nos-produits\/lot-x6-lait-infantile-2eme-age\/","title":{"rendered":"Lot x6 Lait infantile 2\u00e8me \u00e2ge"},"content":{"rendered":"<p>Lait 2\u00e8me \u00e2ge. Lait de suite en poudre pour nourrissons de 6 \u00e0 12 mois.<\/p>\n<p>Physiolac des Laboratoires Gilbert, propose des produits :<br \/>\n\u2022 sp\u00e9cialement d\u00e9velopp\u00e9s et valid\u00e9s par des experts en nutrition infantile,<br \/>\n\u2022 r\u00e9pondant aux besoins nutritionnels sp\u00e9cifiques des b\u00e9b\u00e9s*,<br \/>\n\u2022 \u00e0 base de <strong>lait \u00e9cr\u00e9m\u00e9 100% fran\u00e7ais<\/strong>,<br \/>\n\u2022 fabriqu\u00e9s en France<\/p>\n<p><strong>Physiolac 2<\/strong> contient notamment :<br \/>\n\u2022 des <strong>fibres GOS et FOS<\/strong>,<br \/>\n\u2022 du bisglycinate de fer assimilable,<br \/>\n\u2022 du fer, du zinc et de la vitamine C pour contribuer au maintien du bon fonctionnement du syst\u00e8me immunitaire,<br \/>\n\u2022 la <strong>vitamine D<\/strong> et du <strong>calcium <\/strong>pour le maintien d\u2019un bon d\u00e9veloppement osseux.<\/p>\n<p>Physiolac 2 est fabriqu\u00e9 en Vend\u00e9e avec du lait \u00e9cr\u00e9m\u00e9 100% fran\u00e7ais.<\/p>\n<p>*Comme l\u2019exige la l\u00e9gislation pour toutes les pr\u00e9parations de suite.<\/p>\n<p><strong>Avis important : Le lait maternel est le meilleur aliment pour le nourrisson. En accord avec votre pharmacien ou votre m\u00e9decin, Physiolac 2 peut s\u2019y substituer ou le compl\u00e9ter si vous ne pouvez pas ou ne souhaitez pas allaiter. Physiolac 2 r\u00e9pond aux besoins nutritionnels sp\u00e9cifiques du nourrisson \u00e0 partir de 6 mois. Ne changez pas ce lait de suite sans l\u2019avis de votre pharmacien ou de votre m\u00e9decin. Ce produit est un \u00e9l\u00e9ment d\u2019une alimentation diversifi\u00e9e des nourrissons \u00e0 partir de 6 mois et ne peut remplacer le lait maternel pendant les 6 premiers mois de la vie. La d\u00e9cision d\u2019introduire des aliments compl\u00e9mentaires doit \u00eatre prise sur l\u2019avis des professionnels de sant\u00e9.<\/strong><\/p>\n","protected":false},"excerpt":{"rendered":"<p>Physiolac 2 est destin\u00e9 aux b\u00e9b\u00e9s de 6 \u00e0 12 mois. Fabriqu\u00e9 \u00e0 base de lait \u00e9cr\u00e9m\u00e9 100% fran\u00e7ais, il contient du fer, du zinc et de la vitamine C pour contribuer au maintien du bon fonctionnement du syst\u00e8me immunitaire.<\/p>\n","protected":false},"featured_media":128752,"template":"","meta":{"_acf_changed":false,"inline_featured_image":false},"product_brand":[],"product_cat":[26],"product_tag":[],"class_list":{"0":"post-1071","1":"product","2":"type-product","3":"status-publish","4":"has-post-thumbnail","6":"product_cat-lait-infantile","8":"first","9":"instock","10":"sale","11":"virtual","12":"taxable","13":"purchasable","14":"product-type-bundle"},"bundled_by":[],"bundle_stock_status":"instock","bundle_stock_quantity":14,"bundle_virtual":false,"bundle_layout":"grid","bundle_add_to_cart_form_location":"default","bundle_editable_in_cart":false,"bundle_sold_individually_context":"product","bundle_item_grouping":"parent","bundle_min_size":6,"bundle_max_size":6,"bundle_price":{"price":{"min":{"incl_tax":"71.4","excl_tax":"67.68"},"max":{"incl_tax":"71.4","excl_tax":"67.68"}},"regular_price":{"min":{"incl_tax":"84","excl_tax":"79.62"},"max":{"incl_tax":"84","excl_tax":"79.62"}}},"bundled_items":[{"bundled_item_id":10,"product_id":116024,"menu_order":0,"quantity_min":6,"quantity_max":6,"quantity_default":6,"priced_individually":true,"shipped_individually":false,"override_title":false,"title":"Lait infantile 2\u00e8me \u00e2ge","override_description":false,"description":"","optional":false,"hide_thumbnail":false,"discount":"15","override_variations":false,"allowed_variations":[],"override_default_variation_attributes":false,"default_variation_attributes":[],"single_product_visibility":"visible","cart_visibility":"visible","order_visibility":"visible","single_product_price_visibility":"visible","cart_price_visibility":"visible","order_price_visibility":"visible","stock_status":"in_stock"}],"bundle_sell_ids":[],"acf":[],"yoast_head":"<!-- This site is optimized with the Yoast SEO plugin v25.2 - https:\/\/yoast.com\/wordpress\/plugins\/seo\/ -->\n<title>Lait Infantile 2\u00e8me \u00e2ge - 6 \u00e0 12 mois - Fabriqu\u00e9 en France | Physiolac<\/title>\n<meta name=\"description\" content=\"D\u00e9couvrez le Lait infantile pour le biberon de b\u00e9b\u00e9 6 \u00e0 12 mois. Lait de suite 2i\u00e8me \u00e2ge. Fabriqu\u00e9 en France\" \/>\n<meta name=\"robots\" content=\"index, follow, max-snippet:-1, max-image-preview:large, max-video-preview:-1\" \/>\n<link rel=\"canonical\" href=\"https:\/\/shop.physiolac.com\/nos-produits\/lait-infantile-2eme-age\/\" \/>\n<meta property=\"og:locale\" content=\"en_US\" \/>\n<meta property=\"og:type\" content=\"article\" \/>\n<meta property=\"og:title\" content=\"Lait Infantile 2\u00e8me \u00e2ge - 6 \u00e0 12 mois - Fabriqu\u00e9 en France | Physiolac\" \/>\n<meta property=\"og:description\" content=\"D\u00e9couvrez le Lait infantile pour le biberon de b\u00e9b\u00e9 6 \u00e0 12 mois. Lait de suite 2i\u00e8me \u00e2ge. Fabriqu\u00e9 en France\" \/>\n<meta property=\"og:url\" content=\"https:\/\/shop.physiolac.com\/nos-produits\/lait-infantile-2eme-age\/\" \/>\n<meta property=\"og:site_name\" content=\"Eshop Physiolac\" \/>\n<meta property=\"article:publisher\" content=\"https:\/\/www.facebook.com\/physiolac.official\" \/>\n<meta property=\"article:modified_time\" content=\"2026-03-26T15:01:39+00:00\" \/>\n<meta property=\"og:image\" content=\"https:\/\/shop.physiolac.com\/wp-content\/uploads\/2022\/07\/LAC-LOT_Physiolac_2-1-1.png\" \/>\n\t<meta property=\"og:image:width\" content=\"1500\" \/>\n\t<meta property=\"og:image:height\" content=\"1500\" \/>\n\t<meta property=\"og:image:type\" content=\"image\/png\" \/>\n<meta name=\"twitter:card\" content=\"summary_large_image\" \/>\n<meta name=\"twitter:title\" content=\"Lait Infantile 2\u00e8me \u00e2ge - 6-12 mois - Fabriqu\u00e9 en Vend\u00e9e | Acheter en ligne | Physiolac\" \/>\n<meta name=\"twitter:description\" content=\"Lait infantile pour le biberon de b\u00e9b\u00e9 6-12 mois. Lait de suite 2i\u00e8me \u00e2ge. Fabriqu\u00e9 en France\" \/>\n<meta name=\"twitter:label1\" content=\"Est. reading time\" \/>\n\t<meta name=\"twitter:data1\" content=\"2 minutes\" \/>\n<script type=\"application\/ld+json\" class=\"yoast-schema-graph\">{\"@context\":\"https:\/\/schema.org\",\"@graph\":[{\"@type\":\"WebPage\",\"@id\":\"https:\/\/shop.physiolac.com\/nos-produits\/lot-x6-lait-infantile-2eme-age\/\",\"url\":\"https:\/\/shop.physiolac.com\/nos-produits\/lait-infantile-2eme-age\/\",\"name\":\"Lait Infantile 2\u00e8me \u00e2ge - 6 \u00e0 12 mois - Fabriqu\u00e9 en France | Physiolac\",\"isPartOf\":{\"@id\":\"https:\/\/shop.physiolac.com\/#website\"},\"primaryImageOfPage\":{\"@id\":\"https:\/\/shop.physiolac.com\/nos-produits\/lait-infantile-2eme-age\/#primaryimage\"},\"image\":{\"@id\":\"https:\/\/shop.physiolac.com\/nos-produits\/lait-infantile-2eme-age\/#primaryimage\"},\"thumbnailUrl\":\"https:\/\/shop.physiolac.com\/wp-content\/uploads\/2022\/07\/LAC-LOT_612534_Physiolac_2-2.png\",\"datePublished\":\"2022-07-13T13:41:16+00:00\",\"dateModified\":\"2026-03-26T15:01:39+00:00\",\"description\":\"D\u00e9couvrez le Lait infantile pour le biberon de b\u00e9b\u00e9 6 \u00e0 12 mois. Lait de suite 2i\u00e8me \u00e2ge. Fabriqu\u00e9 en France\",\"breadcrumb\":{\"@id\":\"https:\/\/shop.physiolac.com\/nos-produits\/lait-infantile-2eme-age\/#breadcrumb\"},\"inLanguage\":\"en-US\",\"potentialAction\":[{\"@type\":\"ReadAction\",\"target\":[\"https:\/\/shop.physiolac.com\/nos-produits\/lait-infantile-2eme-age\/\"]}]},{\"@type\":\"ImageObject\",\"inLanguage\":\"en-US\",\"@id\":\"https:\/\/shop.physiolac.com\/nos-produits\/lait-infantile-2eme-age\/#primaryimage\",\"url\":\"https:\/\/shop.physiolac.com\/wp-content\/uploads\/2022\/07\/LAC-LOT_612534_Physiolac_2-2.png\",\"contentUrl\":\"https:\/\/shop.physiolac.com\/wp-content\/uploads\/2022\/07\/LAC-LOT_612534_Physiolac_2-2.png\",\"width\":1500,\"height\":1500},{\"@type\":\"BreadcrumbList\",\"@id\":\"https:\/\/shop.physiolac.com\/nos-produits\/lait-infantile-2eme-age\/#breadcrumb\",\"itemListElement\":[{\"@type\":\"ListItem\",\"position\":1,\"name\":\"Accueil\",\"item\":\"https:\/\/shop.physiolac.com\/\"},{\"@type\":\"ListItem\",\"position\":2,\"name\":\"Nos Produits\",\"item\":\"https:\/\/shop.physiolac.com\/nos-produits\/\"},{\"@type\":\"ListItem\",\"position\":3,\"name\":\"Lot x6 Lait infantile 2\u00e8me \u00e2ge\"}]},{\"@type\":\"WebSite\",\"@id\":\"https:\/\/shop.physiolac.com\/#website\",\"url\":\"https:\/\/shop.physiolac.com\/\",\"name\":\"Eshop Physiolac\",\"description\":\"Un site utilisant WordPress\",\"publisher\":{\"@id\":\"https:\/\/shop.physiolac.com\/#organization\"},\"potentialAction\":[{\"@type\":\"SearchAction\",\"target\":{\"@type\":\"EntryPoint\",\"urlTemplate\":\"https:\/\/shop.physiolac.com\/?s={search_term_string}\"},\"query-input\":{\"@type\":\"PropertyValueSpecification\",\"valueRequired\":true,\"valueName\":\"search_term_string\"}}],\"inLanguage\":\"en-US\"},{\"@type\":\"Organization\",\"@id\":\"https:\/\/shop.physiolac.com\/#organization\",\"name\":\"Physiolac\",\"url\":\"https:\/\/shop.physiolac.com\/\",\"logo\":{\"@type\":\"ImageObject\",\"inLanguage\":\"en-US\",\"@id\":\"https:\/\/shop.physiolac.com\/#\/schema\/logo\/image\/\",\"url\":\"https:\/\/shop.physiolac.com\/wp-content\/uploads\/2022\/07\/logo-physiolac-lg.svg\",\"contentUrl\":\"https:\/\/shop.physiolac.com\/wp-content\/uploads\/2022\/07\/logo-physiolac-lg.svg\",\"width\":\"1024\",\"height\":\"1024\",\"caption\":\"Physiolac\"},\"image\":{\"@id\":\"https:\/\/shop.physiolac.com\/#\/schema\/logo\/image\/\"},\"sameAs\":[\"https:\/\/www.facebook.com\/physiolac.official\",\"https:\/\/www.instagram.com\/physiolac\/\"]}]}<\/script>\n<!-- \/ Yoast SEO plugin. -->","yoast_head_json":{"title":"Lait Infantile 2\u00e8me \u00e2ge - 6 \u00e0 12 mois - Fabriqu\u00e9 en France | Physiolac","description":"D\u00e9couvrez le Lait infantile pour le biberon de b\u00e9b\u00e9 6 \u00e0 12 mois. Lait de suite 2i\u00e8me \u00e2ge. Fabriqu\u00e9 en France","robots":{"index":"index","follow":"follow","max-snippet":"max-snippet:-1","max-image-preview":"max-image-preview:large","max-video-preview":"max-video-preview:-1"},"canonical":"https:\/\/shop.physiolac.com\/nos-produits\/lait-infantile-2eme-age\/","og_locale":"en_US","og_type":"article","og_title":"Lait Infantile 2\u00e8me \u00e2ge - 6 \u00e0 12 mois - Fabriqu\u00e9 en France | Physiolac","og_description":"D\u00e9couvrez le Lait infantile pour le biberon de b\u00e9b\u00e9 6 \u00e0 12 mois. Lait de suite 2i\u00e8me \u00e2ge. Fabriqu\u00e9 en France","og_url":"https:\/\/shop.physiolac.com\/nos-produits\/lait-infantile-2eme-age\/","og_site_name":"Eshop Physiolac","article_publisher":"https:\/\/www.facebook.com\/physiolac.official","article_modified_time":"2026-03-26T15:01:39+00:00","og_image":[{"width":1500,"height":1500,"url":"https:\/\/shop.physiolac.com\/wp-content\/uploads\/2022\/07\/LAC-LOT_Physiolac_2-1-1.png","type":"image\/png"}],"twitter_card":"summary_large_image","twitter_title":"Lait Infantile 2\u00e8me \u00e2ge - 6-12 mois - Fabriqu\u00e9 en Vend\u00e9e | Acheter en ligne | Physiolac","twitter_description":"Lait infantile pour le biberon de b\u00e9b\u00e9 6-12 mois. Lait de suite 2i\u00e8me \u00e2ge. Fabriqu\u00e9 en France","twitter_misc":{"Est. reading time":"2 minutes"},"schema":{"@context":"https:\/\/schema.org","@graph":[{"@type":"WebPage","@id":"https:\/\/shop.physiolac.com\/nos-produits\/lot-x6-lait-infantile-2eme-age\/","url":"https:\/\/shop.physiolac.com\/nos-produits\/lait-infantile-2eme-age\/","name":"Lait Infantile 2\u00e8me \u00e2ge - 6 \u00e0 12 mois - Fabriqu\u00e9 en France | Physiolac","isPartOf":{"@id":"https:\/\/shop.physiolac.com\/#website"},"primaryImageOfPage":{"@id":"https:\/\/shop.physiolac.com\/nos-produits\/lait-infantile-2eme-age\/#primaryimage"},"image":{"@id":"https:\/\/shop.physiolac.com\/nos-produits\/lait-infantile-2eme-age\/#primaryimage"},"thumbnailUrl":"https:\/\/shop.physiolac.com\/wp-content\/uploads\/2022\/07\/LAC-LOT_612534_Physiolac_2-2.png","datePublished":"2022-07-13T13:41:16+00:00","dateModified":"2026-03-26T15:01:39+00:00","description":"D\u00e9couvrez le Lait infantile pour le biberon de b\u00e9b\u00e9 6 \u00e0 12 mois. Lait de suite 2i\u00e8me \u00e2ge. Fabriqu\u00e9 en France","breadcrumb":{"@id":"https:\/\/shop.physiolac.com\/nos-produits\/lait-infantile-2eme-age\/#breadcrumb"},"inLanguage":"en-US","potentialAction":[{"@type":"ReadAction","target":["https:\/\/shop.physiolac.com\/nos-produits\/lait-infantile-2eme-age\/"]}]},{"@type":"ImageObject","inLanguage":"en-US","@id":"https:\/\/shop.physiolac.com\/nos-produits\/lait-infantile-2eme-age\/#primaryimage","url":"https:\/\/shop.physiolac.com\/wp-content\/uploads\/2022\/07\/LAC-LOT_612534_Physiolac_2-2.png","contentUrl":"https:\/\/shop.physiolac.com\/wp-content\/uploads\/2022\/07\/LAC-LOT_612534_Physiolac_2-2.png","width":1500,"height":1500},{"@type":"BreadcrumbList","@id":"https:\/\/shop.physiolac.com\/nos-produits\/lait-infantile-2eme-age\/#breadcrumb","itemListElement":[{"@type":"ListItem","position":1,"name":"Accueil","item":"https:\/\/shop.physiolac.com\/"},{"@type":"ListItem","position":2,"name":"Nos Produits","item":"https:\/\/shop.physiolac.com\/nos-produits\/"},{"@type":"ListItem","position":3,"name":"Lot x6 Lait infantile 2\u00e8me \u00e2ge"}]},{"@type":"WebSite","@id":"https:\/\/shop.physiolac.com\/#website","url":"https:\/\/shop.physiolac.com\/","name":"Eshop Physiolac","description":"Un site utilisant WordPress","publisher":{"@id":"https:\/\/shop.physiolac.com\/#organization"},"potentialAction":[{"@type":"SearchAction","target":{"@type":"EntryPoint","urlTemplate":"https:\/\/shop.physiolac.com\/?s={search_term_string}"},"query-input":{"@type":"PropertyValueSpecification","valueRequired":true,"valueName":"search_term_string"}}],"inLanguage":"en-US"},{"@type":"Organization","@id":"https:\/\/shop.physiolac.com\/#organization","name":"Physiolac","url":"https:\/\/shop.physiolac.com\/","logo":{"@type":"ImageObject","inLanguage":"en-US","@id":"https:\/\/shop.physiolac.com\/#\/schema\/logo\/image\/","url":"https:\/\/shop.physiolac.com\/wp-content\/uploads\/2022\/07\/logo-physiolac-lg.svg","contentUrl":"https:\/\/shop.physiolac.com\/wp-content\/uploads\/2022\/07\/logo-physiolac-lg.svg","width":"1024","height":"1024","caption":"Physiolac"},"image":{"@id":"https:\/\/shop.physiolac.com\/#\/schema\/logo\/image\/"},"sameAs":["https:\/\/www.facebook.com\/physiolac.official","https:\/\/www.instagram.com\/physiolac\/"]}]}},"_links":{"self":[{"href":"https:\/\/shop.physiolac.com\/en\/wp-json\/wp\/v2\/product\/1071","targetHints":{"allow":["GET"]}}],"collection":[{"href":"https:\/\/shop.physiolac.com\/en\/wp-json\/wp\/v2\/product"}],"about":[{"href":"https:\/\/shop.physiolac.com\/en\/wp-json\/wp\/v2\/types\/product"}],"wp:featuredmedia":[{"embeddable":true,"href":"https:\/\/shop.physiolac.com\/en\/wp-json\/wp\/v2\/media\/128752"}],"wp:attachment":[{"href":"https:\/\/shop.physiolac.com\/en\/wp-json\/wp\/v2\/media?parent=1071"}],"wp:term":[{"taxonomy":"product_brand","embeddable":true,"href":"https:\/\/shop.physiolac.com\/en\/wp-json\/wp\/v2\/product_brand?post=1071"},{"taxonomy":"product_cat","embeddable":true,"href":"https:\/\/shop.physiolac.com\/en\/wp-json\/wp\/v2\/product_cat?post=1071"},{"taxonomy":"product_tag","embeddable":true,"href":"https:\/\/shop.physiolac.com\/en\/wp-json\/wp\/v2\/product_tag?post=1071"}],"curies":[{"name":"wp","href":"https:\/\/api.w.org\/{rel}","templated":true}]}}