{"id":116029,"date":"2023-09-29T15:23:09","date_gmt":"2023-09-29T13:23:09","guid":{"rendered":"https:\/\/shop.physiolac.com\/?post_type=product&#038;p=116029"},"modified":"2026-04-04T21:40:35","modified_gmt":"2026-04-04T19:40:35","slug":"lait-de-croissance","status":"publish","type":"product","link":"https:\/\/shop.physiolac.com\/en\/nos-produits\/lait-de-croissance\/","title":{"rendered":"Lait de croissance"},"content":{"rendered":"<p>Aliment lact\u00e9 en poudre pour enfants en bas \u00e2ge de 1 \u00e0 3 ans.<\/p>\n<p>Physiolac propose des laits :<br \/>\n\u2022 sp\u00e9cialement d\u00e9velopp\u00e9s et valid\u00e9s par des experts en nutrition infantile,<br \/>\n\u2022 r\u00e9pondant aux besoins nutritionnels sp\u00e9cifiques des b\u00e9b\u00e9s*,<br \/>\n\u2022 \u00e0 base de lait \u00e9cr\u00e9m\u00e9 100% fran\u00e7ais,<br \/>\n\u2022 fabriqu\u00e9s en France.<\/p>\n<p>Physiolac 3 contient notamment&nbsp;:<br \/>\n\u2022 des fibres GOS et FOS,<br \/>\n\u2022 du bisglycinate de fer assimilable,<br \/>\n\u2022 de la vitamine D* n\u00e9cessaire au maintien d\u2019une bonne croissance et d\u2019un bon d\u00e9veloppement osseux.<\/p>\n<p>*Conform\u00e9ment \u00e0 la r\u00e9glementation sur l&#8217;alimentation infantile.<\/p>\n","protected":false},"excerpt":{"rendered":"<p>Physiolac 3 est fabriqu\u00e9 en Vend\u00e9e, avec du lait \u00e9cr\u00e9m\u00e9 100% fran\u00e7ais.&nbsp;<\/p>\n<p>Il contient notamment :<br \/>\n\u2022 des fibres GOS et FOS,<br \/>\n\u2022 du bisglycinate de fer assimilable,<br \/>\n\u2022 de la vitamine D* n\u00e9cessaire au maintien d\u2019une bonne croissance et d\u2019un bon d\u00e9veloppement osseux.<\/p>\n<p>*Conform\u00e9ment \u00e0 la r\u00e8glementation sur l&#8217;alimentation infantile.&nbsp;<\/p>\n","protected":false},"featured_media":128860,"template":"","meta":{"_acf_changed":false,"inline_featured_image":false},"product_brand":[],"product_cat":[26],"product_tag":[],"class_list":{"0":"post-116029","1":"product","2":"type-product","3":"status-publish","4":"has-post-thumbnail","6":"product_cat-lait-infantile","8":"first","9":"instock","10":"taxable","11":"shipping-taxable","12":"purchasable","13":"product-type-simple"},"bundled_by":["1072"],"bundle_stock_status":"instock","bundle_stock_quantity":128,"bundle_virtual":false,"bundle_layout":"","bundle_add_to_cart_form_location":"","bundle_editable_in_cart":false,"bundle_sold_individually_context":"","bundle_item_grouping":"","bundle_min_size":"","bundle_max_size":"","bundle_price":[],"bundled_items":[],"bundle_sell_ids":[],"acf":[],"yoast_head":"<!-- This site is optimized with the Yoast SEO plugin v25.2 - https:\/\/yoast.com\/wordpress\/plugins\/seo\/ -->\n<title>Lait de Croissance - 1 \u00e0 3 ans - Fabriqu\u00e9 en France | Physiolac<\/title>\n<meta name=\"description\" content=\"D\u00e9couvrez le Lait infantile pour le biberon de b\u00e9b\u00e9 12 \u00e0 36 mois. Lait de croissance 3i\u00e8me \u00e2ge. Fabriqu\u00e9 en France\" \/>\n<meta name=\"robots\" content=\"index, follow, max-snippet:-1, max-image-preview:large, max-video-preview:-1\" \/>\n<link rel=\"canonical\" href=\"https:\/\/shop.physiolac.com\/nos-produits\/lait-de-croissance\/\" \/>\n<meta property=\"og:locale\" content=\"en_US\" \/>\n<meta property=\"og:type\" content=\"article\" \/>\n<meta property=\"og:title\" content=\"Lait de Croissance - 1 \u00e0 3 ans - Fabriqu\u00e9 en France | Physiolac\" \/>\n<meta property=\"og:description\" content=\"D\u00e9couvrez le Lait infantile pour le biberon de b\u00e9b\u00e9 12 \u00e0 36 mois. Lait de croissance 3i\u00e8me \u00e2ge. Fabriqu\u00e9 en France\" \/>\n<meta property=\"og:url\" content=\"https:\/\/shop.physiolac.com\/nos-produits\/lait-de-croissance\/\" \/>\n<meta property=\"og:site_name\" content=\"Eshop Physiolac\" \/>\n<meta property=\"article:publisher\" content=\"https:\/\/www.facebook.com\/physiolac.official\" \/>\n<meta property=\"article:modified_time\" content=\"2026-04-04T19:40:35+00:00\" \/>\n<meta property=\"og:image\" content=\"https:\/\/shop.physiolac.com\/wp-content\/uploads\/2023\/09\/LAC-612535-3518646125355-EPS_06-23-1024x1024.png\" \/>\n\t<meta property=\"og:image:width\" content=\"1024\" \/>\n\t<meta property=\"og:image:height\" content=\"1024\" \/>\n\t<meta property=\"og:image:type\" content=\"image\/png\" \/>\n<meta name=\"twitter:card\" content=\"summary_large_image\" \/>\n<meta name=\"twitter:title\" content=\"Lait de Croissance - 1 \u00e0 3 ans - Fabriqu\u00e9 en Vend\u00e9e | Acheter en ligne | Physiolac\" \/>\n<meta name=\"twitter:description\" content=\"Lait infantile pour le biberon de b\u00e9b\u00e9 12-36 mois. Lait de croissance 3i\u00e8me \u00e2ge. Fabriqu\u00e9 en France\" \/>\n<meta name=\"twitter:image\" content=\"https:\/\/shop.physiolac.com\/wp-content\/uploads\/2023\/09\/LAC-612535-3518646125355-EPS_06-23.png\" \/>\n<meta name=\"twitter:label1\" content=\"Est. reading time\" \/>\n\t<meta name=\"twitter:data1\" content=\"1 minute\" \/>\n<script type=\"application\/ld+json\" class=\"yoast-schema-graph\">{\"@context\":\"https:\/\/schema.org\",\"@graph\":[{\"@type\":\"WebPage\",\"@id\":\"https:\/\/shop.physiolac.com\/nos-produits\/lait-de-croissance\/\",\"url\":\"https:\/\/shop.physiolac.com\/nos-produits\/lait-de-croissance\/\",\"name\":\"Lait de Croissance - 1 \u00e0 3 ans - Fabriqu\u00e9 en France | Physiolac\",\"isPartOf\":{\"@id\":\"https:\/\/shop.physiolac.com\/#website\"},\"primaryImageOfPage\":{\"@id\":\"https:\/\/shop.physiolac.com\/nos-produits\/lait-de-croissance\/#primaryimage\"},\"image\":{\"@id\":\"https:\/\/shop.physiolac.com\/nos-produits\/lait-de-croissance\/#primaryimage\"},\"thumbnailUrl\":\"https:\/\/shop.physiolac.com\/wp-content\/uploads\/2026\/04\/LAC-612535-3518646125355-EPS_07-24_2.webp\",\"datePublished\":\"2023-09-29T13:23:09+00:00\",\"dateModified\":\"2026-04-04T19:40:35+00:00\",\"description\":\"D\u00e9couvrez le Lait infantile pour le biberon de b\u00e9b\u00e9 12 \u00e0 36 mois. Lait de croissance 3i\u00e8me \u00e2ge. Fabriqu\u00e9 en France\",\"breadcrumb\":{\"@id\":\"https:\/\/shop.physiolac.com\/nos-produits\/lait-de-croissance\/#breadcrumb\"},\"inLanguage\":\"en-US\",\"potentialAction\":[{\"@type\":\"ReadAction\",\"target\":[\"https:\/\/shop.physiolac.com\/nos-produits\/lait-de-croissance\/\"]}]},{\"@type\":\"ImageObject\",\"inLanguage\":\"en-US\",\"@id\":\"https:\/\/shop.physiolac.com\/nos-produits\/lait-de-croissance\/#primaryimage\",\"url\":\"https:\/\/shop.physiolac.com\/wp-content\/uploads\/2026\/04\/LAC-612535-3518646125355-EPS_07-24_2.webp\",\"contentUrl\":\"https:\/\/shop.physiolac.com\/wp-content\/uploads\/2026\/04\/LAC-612535-3518646125355-EPS_07-24_2.webp\",\"width\":1080,\"height\":1080,\"caption\":\"upload_assets_products Lait de croissance\"},{\"@type\":\"BreadcrumbList\",\"@id\":\"https:\/\/shop.physiolac.com\/nos-produits\/lait-de-croissance\/#breadcrumb\",\"itemListElement\":[{\"@type\":\"ListItem\",\"position\":1,\"name\":\"Accueil\",\"item\":\"https:\/\/shop.physiolac.com\/\"},{\"@type\":\"ListItem\",\"position\":2,\"name\":\"Nos Produits\",\"item\":\"https:\/\/shop.physiolac.com\/nos-produits\/\"},{\"@type\":\"ListItem\",\"position\":3,\"name\":\"Lait de croissance\"}]},{\"@type\":\"WebSite\",\"@id\":\"https:\/\/shop.physiolac.com\/#website\",\"url\":\"https:\/\/shop.physiolac.com\/\",\"name\":\"Eshop Physiolac\",\"description\":\"Un site utilisant WordPress\",\"publisher\":{\"@id\":\"https:\/\/shop.physiolac.com\/#organization\"},\"potentialAction\":[{\"@type\":\"SearchAction\",\"target\":{\"@type\":\"EntryPoint\",\"urlTemplate\":\"https:\/\/shop.physiolac.com\/?s={search_term_string}\"},\"query-input\":{\"@type\":\"PropertyValueSpecification\",\"valueRequired\":true,\"valueName\":\"search_term_string\"}}],\"inLanguage\":\"en-US\"},{\"@type\":\"Organization\",\"@id\":\"https:\/\/shop.physiolac.com\/#organization\",\"name\":\"Physiolac\",\"url\":\"https:\/\/shop.physiolac.com\/\",\"logo\":{\"@type\":\"ImageObject\",\"inLanguage\":\"en-US\",\"@id\":\"https:\/\/shop.physiolac.com\/#\/schema\/logo\/image\/\",\"url\":\"https:\/\/shop.physiolac.com\/wp-content\/uploads\/2022\/07\/logo-physiolac-lg.svg\",\"contentUrl\":\"https:\/\/shop.physiolac.com\/wp-content\/uploads\/2022\/07\/logo-physiolac-lg.svg\",\"width\":\"1024\",\"height\":\"1024\",\"caption\":\"Physiolac\"},\"image\":{\"@id\":\"https:\/\/shop.physiolac.com\/#\/schema\/logo\/image\/\"},\"sameAs\":[\"https:\/\/www.facebook.com\/physiolac.official\",\"https:\/\/www.instagram.com\/physiolac\/\"]}]}<\/script>\n<!-- \/ Yoast SEO plugin. -->","yoast_head_json":{"title":"Lait de Croissance - 1 \u00e0 3 ans - Fabriqu\u00e9 en France | Physiolac","description":"D\u00e9couvrez le Lait infantile pour le biberon de b\u00e9b\u00e9 12 \u00e0 36 mois. Lait de croissance 3i\u00e8me \u00e2ge. Fabriqu\u00e9 en France","robots":{"index":"index","follow":"follow","max-snippet":"max-snippet:-1","max-image-preview":"max-image-preview:large","max-video-preview":"max-video-preview:-1"},"canonical":"https:\/\/shop.physiolac.com\/nos-produits\/lait-de-croissance\/","og_locale":"en_US","og_type":"article","og_title":"Lait de Croissance - 1 \u00e0 3 ans - Fabriqu\u00e9 en France | Physiolac","og_description":"D\u00e9couvrez le Lait infantile pour le biberon de b\u00e9b\u00e9 12 \u00e0 36 mois. Lait de croissance 3i\u00e8me \u00e2ge. Fabriqu\u00e9 en France","og_url":"https:\/\/shop.physiolac.com\/nos-produits\/lait-de-croissance\/","og_site_name":"Eshop Physiolac","article_publisher":"https:\/\/www.facebook.com\/physiolac.official","article_modified_time":"2026-04-04T19:40:35+00:00","og_image":[{"width":1024,"height":1024,"url":"https:\/\/shop.physiolac.com\/wp-content\/uploads\/2023\/09\/LAC-612535-3518646125355-EPS_06-23-1024x1024.png","type":"image\/png"}],"twitter_card":"summary_large_image","twitter_title":"Lait de Croissance - 1 \u00e0 3 ans - Fabriqu\u00e9 en Vend\u00e9e | Acheter en ligne | Physiolac","twitter_description":"Lait infantile pour le biberon de b\u00e9b\u00e9 12-36 mois. Lait de croissance 3i\u00e8me \u00e2ge. Fabriqu\u00e9 en France","twitter_image":"https:\/\/shop.physiolac.com\/wp-content\/uploads\/2023\/09\/LAC-612535-3518646125355-EPS_06-23.png","twitter_misc":{"Est. reading time":"1 minute"},"schema":{"@context":"https:\/\/schema.org","@graph":[{"@type":"WebPage","@id":"https:\/\/shop.physiolac.com\/nos-produits\/lait-de-croissance\/","url":"https:\/\/shop.physiolac.com\/nos-produits\/lait-de-croissance\/","name":"Lait de Croissance - 1 \u00e0 3 ans - Fabriqu\u00e9 en France | Physiolac","isPartOf":{"@id":"https:\/\/shop.physiolac.com\/#website"},"primaryImageOfPage":{"@id":"https:\/\/shop.physiolac.com\/nos-produits\/lait-de-croissance\/#primaryimage"},"image":{"@id":"https:\/\/shop.physiolac.com\/nos-produits\/lait-de-croissance\/#primaryimage"},"thumbnailUrl":"https:\/\/shop.physiolac.com\/wp-content\/uploads\/2026\/04\/LAC-612535-3518646125355-EPS_07-24_2.webp","datePublished":"2023-09-29T13:23:09+00:00","dateModified":"2026-04-04T19:40:35+00:00","description":"D\u00e9couvrez le Lait infantile pour le biberon de b\u00e9b\u00e9 12 \u00e0 36 mois. Lait de croissance 3i\u00e8me \u00e2ge. Fabriqu\u00e9 en France","breadcrumb":{"@id":"https:\/\/shop.physiolac.com\/nos-produits\/lait-de-croissance\/#breadcrumb"},"inLanguage":"en-US","potentialAction":[{"@type":"ReadAction","target":["https:\/\/shop.physiolac.com\/nos-produits\/lait-de-croissance\/"]}]},{"@type":"ImageObject","inLanguage":"en-US","@id":"https:\/\/shop.physiolac.com\/nos-produits\/lait-de-croissance\/#primaryimage","url":"https:\/\/shop.physiolac.com\/wp-content\/uploads\/2026\/04\/LAC-612535-3518646125355-EPS_07-24_2.webp","contentUrl":"https:\/\/shop.physiolac.com\/wp-content\/uploads\/2026\/04\/LAC-612535-3518646125355-EPS_07-24_2.webp","width":1080,"height":1080,"caption":"upload_assets_products Lait de croissance"},{"@type":"BreadcrumbList","@id":"https:\/\/shop.physiolac.com\/nos-produits\/lait-de-croissance\/#breadcrumb","itemListElement":[{"@type":"ListItem","position":1,"name":"Accueil","item":"https:\/\/shop.physiolac.com\/"},{"@type":"ListItem","position":2,"name":"Nos Produits","item":"https:\/\/shop.physiolac.com\/nos-produits\/"},{"@type":"ListItem","position":3,"name":"Lait de croissance"}]},{"@type":"WebSite","@id":"https:\/\/shop.physiolac.com\/#website","url":"https:\/\/shop.physiolac.com\/","name":"Eshop Physiolac","description":"Un site utilisant WordPress","publisher":{"@id":"https:\/\/shop.physiolac.com\/#organization"},"potentialAction":[{"@type":"SearchAction","target":{"@type":"EntryPoint","urlTemplate":"https:\/\/shop.physiolac.com\/?s={search_term_string}"},"query-input":{"@type":"PropertyValueSpecification","valueRequired":true,"valueName":"search_term_string"}}],"inLanguage":"en-US"},{"@type":"Organization","@id":"https:\/\/shop.physiolac.com\/#organization","name":"Physiolac","url":"https:\/\/shop.physiolac.com\/","logo":{"@type":"ImageObject","inLanguage":"en-US","@id":"https:\/\/shop.physiolac.com\/#\/schema\/logo\/image\/","url":"https:\/\/shop.physiolac.com\/wp-content\/uploads\/2022\/07\/logo-physiolac-lg.svg","contentUrl":"https:\/\/shop.physiolac.com\/wp-content\/uploads\/2022\/07\/logo-physiolac-lg.svg","width":"1024","height":"1024","caption":"Physiolac"},"image":{"@id":"https:\/\/shop.physiolac.com\/#\/schema\/logo\/image\/"},"sameAs":["https:\/\/www.facebook.com\/physiolac.official","https:\/\/www.instagram.com\/physiolac\/"]}]}},"_links":{"self":[{"href":"https:\/\/shop.physiolac.com\/en\/wp-json\/wp\/v2\/product\/116029","targetHints":{"allow":["GET"]}}],"collection":[{"href":"https:\/\/shop.physiolac.com\/en\/wp-json\/wp\/v2\/product"}],"about":[{"href":"https:\/\/shop.physiolac.com\/en\/wp-json\/wp\/v2\/types\/product"}],"wp:featuredmedia":[{"embeddable":true,"href":"https:\/\/shop.physiolac.com\/en\/wp-json\/wp\/v2\/media\/128860"}],"wp:attachment":[{"href":"https:\/\/shop.physiolac.com\/en\/wp-json\/wp\/v2\/media?parent=116029"}],"wp:term":[{"taxonomy":"product_brand","embeddable":true,"href":"https:\/\/shop.physiolac.com\/en\/wp-json\/wp\/v2\/product_brand?post=116029"},{"taxonomy":"product_cat","embeddable":true,"href":"https:\/\/shop.physiolac.com\/en\/wp-json\/wp\/v2\/product_cat?post=116029"},{"taxonomy":"product_tag","embeddable":true,"href":"https:\/\/shop.physiolac.com\/en\/wp-json\/wp\/v2\/product_tag?post=116029"}],"curies":[{"name":"wp","href":"https:\/\/api.w.org\/{rel}","templated":true}]}}