{"id":1998,"date":"2023-01-05T14:58:39","date_gmt":"2023-01-05T13:58:39","guid":{"rendered":"https:\/\/shop.physiolac.com\/nos-produits\/cereales-bebe-cacao-bio-2\/"},"modified":"2026-05-09T21:45:04","modified_gmt":"2026-05-09T19:45:04","slug":"cereales-bebe-cacao-bio-2","status":"publish","type":"product","link":"https:\/\/shop.physiolac.com\/en\/nos-produits\/cereales-bebe-cacao-bio-2\/","title":{"rendered":"C\u00e9r\u00e9ales B\u00e9b\u00e9 Cacao Bio"},"content":{"rendered":"<p>Avec les c\u00e9r\u00e9ales infantiles Physiolac Bio Cacao, les Laboratoires Gilbert offrent aux b\u00e9b\u00e9s leurs premi\u00e8res c\u00e9r\u00e9ales pour une premi\u00e8re \u00e9tape de la diversification alimentaire r\u00e9ussie et dans le respect de l\u2019environnement, conform\u00e9ment aux r\u00e8gles de l&#8217;agriculture biologique.<\/p>\n<p>Les c\u00e9r\u00e9ales infantiles Physiolac Bio Cacao sont principalement constitu\u00e9es de farine de c\u00e9r\u00e9ales Bio : bl\u00e9, riz et avoine. Ces 3 glucides permettent de d\u00e9buter la diversification alimentaire tout en douceur. Sans sucres ajout\u00e9s* et au bon go\u00fbt de cacao, elles s\u2019ajoutent au lait maternel exprim\u00e9 ou au lait infantile correspondant \u00e0 l\u2019\u00e2ge de l\u2019enfant. Elles sont instantan\u00e9es et ne n\u00e9cessitent pas de cuisson.<\/p>\n<p>Les c\u00e9r\u00e9ales infantiles Physiolac Bio Cacao peuvent \u00eatre utilis\u00e9es sur conseil de votre pharmacien ou de votre m\u00e9decin d\u00e8s 6 mois. Ce produit doit \u00eatre utilis\u00e9 en compl\u00e9ment et n&#8217;est pas destin\u00e9 \u00e0 remplacer le lait maternel.<\/p>\n<p>*Contient des sucres naturellement pr\u00e9sents.<\/p>\n","protected":false},"excerpt":{"rendered":"<p>Les C\u00e9r\u00e9ales infantiles Physiolac Bio Cacao sont la premi\u00e8re \u00e9tape de la diversification alimentaire de b\u00e9b\u00e9. Sans sucres ajout\u00e9s*, au bon go\u00fbt de cacao, elles s\u2019ajoutent au lait maternel exprim\u00e9 ou au lait infantile correspondant \u00e0 l\u2019\u00e2ge de l\u2019enfant.<\/p>\n<p>*Contient des sucres naturellement pr\u00e9sents.<\/p>\n","protected":false},"featured_media":118088,"template":"","meta":{"_acf_changed":false,"inline_featured_image":false},"product_brand":[],"product_cat":[25],"product_tag":[],"class_list":{"0":"post-1998","1":"product","2":"type-product","3":"status-publish","4":"has-post-thumbnail","6":"product_cat-cereales-bebe","8":"first","9":"instock","10":"taxable","11":"shipping-taxable","12":"purchasable","13":"product-type-simple"},"bundled_by":[],"bundle_stock_status":"instock","bundle_stock_quantity":14,"bundle_virtual":false,"bundle_layout":"","bundle_add_to_cart_form_location":"","bundle_editable_in_cart":false,"bundle_sold_individually_context":"","bundle_item_grouping":"","bundle_min_size":"","bundle_max_size":"","bundle_price":[],"bundled_items":[],"bundle_sell_ids":[],"acf":[],"yoast_head":"<!-- This site is optimized with the Yoast SEO plugin v25.2 - https:\/\/yoast.com\/wordpress\/plugins\/seo\/ -->\n<title>C\u00e9r\u00e9ales B\u00e9b\u00e9 Cacao Bio - D\u00e8s 6 mois | Physiolac<\/title>\n<meta name=\"description\" content=\"D\u00e9couvrez les C\u00e9r\u00e9ales b\u00e9b\u00e9 Bio chocolat d\u00e8s 6 mois. Bl\u00e9, riz, avoine. Sans sucres ajout\u00e9s. C\u00e9r\u00e9ales pour \u00e9paissir le biberon de lait des b\u00e9b\u00e9s ou apporter du go\u00fbt.\" \/>\n<meta name=\"robots\" content=\"index, follow, max-snippet:-1, max-image-preview:large, max-video-preview:-1\" \/>\n<link rel=\"canonical\" href=\"https:\/\/shop.physiolac.com\/nos-produits\/cereales-bebe-cacao-bio-2\/\" \/>\n<meta property=\"og:locale\" content=\"en_US\" \/>\n<meta property=\"og:type\" content=\"article\" \/>\n<meta property=\"og:title\" content=\"C\u00e9r\u00e9ales B\u00e9b\u00e9 Cacao Bio - D\u00e8s 6 mois | Physiolac\" \/>\n<meta property=\"og:description\" content=\"D\u00e9couvrez les C\u00e9r\u00e9ales b\u00e9b\u00e9 Bio chocolat d\u00e8s 6 mois. Bl\u00e9, riz, avoine. Sans sucres ajout\u00e9s. C\u00e9r\u00e9ales pour \u00e9paissir le biberon de lait des b\u00e9b\u00e9s ou apporter du go\u00fbt.\" \/>\n<meta property=\"og:url\" content=\"https:\/\/shop.physiolac.com\/nos-produits\/cereales-bebe-cacao-bio-2\/\" \/>\n<meta property=\"og:site_name\" content=\"Eshop Physiolac\" \/>\n<meta property=\"article:publisher\" content=\"https:\/\/www.facebook.com\/physiolac.official\" \/>\n<meta property=\"article:modified_time\" content=\"2026-05-09T19:45:04+00:00\" \/>\n<meta property=\"og:image\" content=\"https:\/\/shop.physiolac.com\/wp-content\/uploads\/2023\/10\/LAC-612522-3518646125225-ES_05-2023.webp\" \/>\n\t<meta property=\"og:image:width\" content=\"1080\" \/>\n\t<meta property=\"og:image:height\" content=\"1080\" \/>\n\t<meta property=\"og:image:type\" content=\"image\/webp\" \/>\n<meta name=\"twitter:card\" content=\"summary_large_image\" \/>\n<meta name=\"twitter:label1\" content=\"Est. reading time\" \/>\n\t<meta name=\"twitter:data1\" content=\"1 minute\" \/>\n<script type=\"application\/ld+json\" class=\"yoast-schema-graph\">{\"@context\":\"https:\/\/schema.org\",\"@graph\":[{\"@type\":\"WebPage\",\"@id\":\"https:\/\/shop.physiolac.com\/nos-produits\/cereales-bebe-cacao-bio-2\/\",\"url\":\"https:\/\/shop.physiolac.com\/nos-produits\/cereales-bebe-cacao-bio-2\/\",\"name\":\"C\u00e9r\u00e9ales B\u00e9b\u00e9 Cacao Bio - D\u00e8s 6 mois | Physiolac\",\"isPartOf\":{\"@id\":\"https:\/\/shop.physiolac.com\/#website\"},\"primaryImageOfPage\":{\"@id\":\"https:\/\/shop.physiolac.com\/nos-produits\/cereales-bebe-cacao-bio-2\/#primaryimage\"},\"image\":{\"@id\":\"https:\/\/shop.physiolac.com\/nos-produits\/cereales-bebe-cacao-bio-2\/#primaryimage\"},\"thumbnailUrl\":\"https:\/\/shop.physiolac.com\/wp-content\/uploads\/2024\/05\/LAC-612522-3518646125225-ES_05-2023.png\",\"datePublished\":\"2023-01-05T13:58:39+00:00\",\"dateModified\":\"2026-05-09T19:45:04+00:00\",\"description\":\"D\u00e9couvrez les C\u00e9r\u00e9ales b\u00e9b\u00e9 Bio chocolat d\u00e8s 6 mois. Bl\u00e9, riz, avoine. Sans sucres ajout\u00e9s. C\u00e9r\u00e9ales pour \u00e9paissir le biberon de lait des b\u00e9b\u00e9s ou apporter du go\u00fbt.\",\"breadcrumb\":{\"@id\":\"https:\/\/shop.physiolac.com\/nos-produits\/cereales-bebe-cacao-bio-2\/#breadcrumb\"},\"inLanguage\":\"en-US\",\"potentialAction\":[{\"@type\":\"ReadAction\",\"target\":[\"https:\/\/shop.physiolac.com\/nos-produits\/cereales-bebe-cacao-bio-2\/\"]}]},{\"@type\":\"ImageObject\",\"inLanguage\":\"en-US\",\"@id\":\"https:\/\/shop.physiolac.com\/nos-produits\/cereales-bebe-cacao-bio-2\/#primaryimage\",\"url\":\"https:\/\/shop.physiolac.com\/wp-content\/uploads\/2024\/05\/LAC-612522-3518646125225-ES_05-2023.png\",\"contentUrl\":\"https:\/\/shop.physiolac.com\/wp-content\/uploads\/2024\/05\/LAC-612522-3518646125225-ES_05-2023.png\",\"width\":1080,\"height\":1080,\"caption\":\"PHYSIOLAC C\u00e9r\u00e9ales B\u00e9b\u00e9 Cacao Bio\"},{\"@type\":\"BreadcrumbList\",\"@id\":\"https:\/\/shop.physiolac.com\/nos-produits\/cereales-bebe-cacao-bio-2\/#breadcrumb\",\"itemListElement\":[{\"@type\":\"ListItem\",\"position\":1,\"name\":\"Accueil\",\"item\":\"https:\/\/shop.physiolac.com\/\"},{\"@type\":\"ListItem\",\"position\":2,\"name\":\"Nos Produits\",\"item\":\"https:\/\/shop.physiolac.com\/nos-produits\/\"},{\"@type\":\"ListItem\",\"position\":3,\"name\":\"C\u00e9r\u00e9ales B\u00e9b\u00e9 Cacao Bio\"}]},{\"@type\":\"WebSite\",\"@id\":\"https:\/\/shop.physiolac.com\/#website\",\"url\":\"https:\/\/shop.physiolac.com\/\",\"name\":\"Eshop Physiolac\",\"description\":\"Un site utilisant WordPress\",\"publisher\":{\"@id\":\"https:\/\/shop.physiolac.com\/#organization\"},\"potentialAction\":[{\"@type\":\"SearchAction\",\"target\":{\"@type\":\"EntryPoint\",\"urlTemplate\":\"https:\/\/shop.physiolac.com\/?s={search_term_string}\"},\"query-input\":{\"@type\":\"PropertyValueSpecification\",\"valueRequired\":true,\"valueName\":\"search_term_string\"}}],\"inLanguage\":\"en-US\"},{\"@type\":\"Organization\",\"@id\":\"https:\/\/shop.physiolac.com\/#organization\",\"name\":\"Physiolac\",\"url\":\"https:\/\/shop.physiolac.com\/\",\"logo\":{\"@type\":\"ImageObject\",\"inLanguage\":\"en-US\",\"@id\":\"https:\/\/shop.physiolac.com\/#\/schema\/logo\/image\/\",\"url\":\"https:\/\/shop.physiolac.com\/wp-content\/uploads\/2022\/07\/logo-physiolac-lg.svg\",\"contentUrl\":\"https:\/\/shop.physiolac.com\/wp-content\/uploads\/2022\/07\/logo-physiolac-lg.svg\",\"width\":\"1024\",\"height\":\"1024\",\"caption\":\"Physiolac\"},\"image\":{\"@id\":\"https:\/\/shop.physiolac.com\/#\/schema\/logo\/image\/\"},\"sameAs\":[\"https:\/\/www.facebook.com\/physiolac.official\",\"https:\/\/www.instagram.com\/physiolac\/\"]}]}<\/script>\n<!-- \/ Yoast SEO plugin. -->","yoast_head_json":{"title":"C\u00e9r\u00e9ales B\u00e9b\u00e9 Cacao Bio - D\u00e8s 6 mois | Physiolac","description":"D\u00e9couvrez les C\u00e9r\u00e9ales b\u00e9b\u00e9 Bio chocolat d\u00e8s 6 mois. Bl\u00e9, riz, avoine. Sans sucres ajout\u00e9s. C\u00e9r\u00e9ales pour \u00e9paissir le biberon de lait des b\u00e9b\u00e9s ou apporter du go\u00fbt.","robots":{"index":"index","follow":"follow","max-snippet":"max-snippet:-1","max-image-preview":"max-image-preview:large","max-video-preview":"max-video-preview:-1"},"canonical":"https:\/\/shop.physiolac.com\/nos-produits\/cereales-bebe-cacao-bio-2\/","og_locale":"en_US","og_type":"article","og_title":"C\u00e9r\u00e9ales B\u00e9b\u00e9 Cacao Bio - D\u00e8s 6 mois | Physiolac","og_description":"D\u00e9couvrez les C\u00e9r\u00e9ales b\u00e9b\u00e9 Bio chocolat d\u00e8s 6 mois. Bl\u00e9, riz, avoine. Sans sucres ajout\u00e9s. C\u00e9r\u00e9ales pour \u00e9paissir le biberon de lait des b\u00e9b\u00e9s ou apporter du go\u00fbt.","og_url":"https:\/\/shop.physiolac.com\/nos-produits\/cereales-bebe-cacao-bio-2\/","og_site_name":"Eshop Physiolac","article_publisher":"https:\/\/www.facebook.com\/physiolac.official","article_modified_time":"2026-05-09T19:45:04+00:00","og_image":[{"width":1080,"height":1080,"url":"https:\/\/shop.physiolac.com\/wp-content\/uploads\/2023\/10\/LAC-612522-3518646125225-ES_05-2023.webp","type":"image\/webp"}],"twitter_card":"summary_large_image","twitter_misc":{"Est. reading time":"1 minute"},"schema":{"@context":"https:\/\/schema.org","@graph":[{"@type":"WebPage","@id":"https:\/\/shop.physiolac.com\/nos-produits\/cereales-bebe-cacao-bio-2\/","url":"https:\/\/shop.physiolac.com\/nos-produits\/cereales-bebe-cacao-bio-2\/","name":"C\u00e9r\u00e9ales B\u00e9b\u00e9 Cacao Bio - D\u00e8s 6 mois | Physiolac","isPartOf":{"@id":"https:\/\/shop.physiolac.com\/#website"},"primaryImageOfPage":{"@id":"https:\/\/shop.physiolac.com\/nos-produits\/cereales-bebe-cacao-bio-2\/#primaryimage"},"image":{"@id":"https:\/\/shop.physiolac.com\/nos-produits\/cereales-bebe-cacao-bio-2\/#primaryimage"},"thumbnailUrl":"https:\/\/shop.physiolac.com\/wp-content\/uploads\/2024\/05\/LAC-612522-3518646125225-ES_05-2023.png","datePublished":"2023-01-05T13:58:39+00:00","dateModified":"2026-05-09T19:45:04+00:00","description":"D\u00e9couvrez les C\u00e9r\u00e9ales b\u00e9b\u00e9 Bio chocolat d\u00e8s 6 mois. Bl\u00e9, riz, avoine. Sans sucres ajout\u00e9s. C\u00e9r\u00e9ales pour \u00e9paissir le biberon de lait des b\u00e9b\u00e9s ou apporter du go\u00fbt.","breadcrumb":{"@id":"https:\/\/shop.physiolac.com\/nos-produits\/cereales-bebe-cacao-bio-2\/#breadcrumb"},"inLanguage":"en-US","potentialAction":[{"@type":"ReadAction","target":["https:\/\/shop.physiolac.com\/nos-produits\/cereales-bebe-cacao-bio-2\/"]}]},{"@type":"ImageObject","inLanguage":"en-US","@id":"https:\/\/shop.physiolac.com\/nos-produits\/cereales-bebe-cacao-bio-2\/#primaryimage","url":"https:\/\/shop.physiolac.com\/wp-content\/uploads\/2024\/05\/LAC-612522-3518646125225-ES_05-2023.png","contentUrl":"https:\/\/shop.physiolac.com\/wp-content\/uploads\/2024\/05\/LAC-612522-3518646125225-ES_05-2023.png","width":1080,"height":1080,"caption":"PHYSIOLAC C\u00e9r\u00e9ales B\u00e9b\u00e9 Cacao Bio"},{"@type":"BreadcrumbList","@id":"https:\/\/shop.physiolac.com\/nos-produits\/cereales-bebe-cacao-bio-2\/#breadcrumb","itemListElement":[{"@type":"ListItem","position":1,"name":"Accueil","item":"https:\/\/shop.physiolac.com\/"},{"@type":"ListItem","position":2,"name":"Nos Produits","item":"https:\/\/shop.physiolac.com\/nos-produits\/"},{"@type":"ListItem","position":3,"name":"C\u00e9r\u00e9ales B\u00e9b\u00e9 Cacao Bio"}]},{"@type":"WebSite","@id":"https:\/\/shop.physiolac.com\/#website","url":"https:\/\/shop.physiolac.com\/","name":"Eshop Physiolac","description":"Un site utilisant WordPress","publisher":{"@id":"https:\/\/shop.physiolac.com\/#organization"},"potentialAction":[{"@type":"SearchAction","target":{"@type":"EntryPoint","urlTemplate":"https:\/\/shop.physiolac.com\/?s={search_term_string}"},"query-input":{"@type":"PropertyValueSpecification","valueRequired":true,"valueName":"search_term_string"}}],"inLanguage":"en-US"},{"@type":"Organization","@id":"https:\/\/shop.physiolac.com\/#organization","name":"Physiolac","url":"https:\/\/shop.physiolac.com\/","logo":{"@type":"ImageObject","inLanguage":"en-US","@id":"https:\/\/shop.physiolac.com\/#\/schema\/logo\/image\/","url":"https:\/\/shop.physiolac.com\/wp-content\/uploads\/2022\/07\/logo-physiolac-lg.svg","contentUrl":"https:\/\/shop.physiolac.com\/wp-content\/uploads\/2022\/07\/logo-physiolac-lg.svg","width":"1024","height":"1024","caption":"Physiolac"},"image":{"@id":"https:\/\/shop.physiolac.com\/#\/schema\/logo\/image\/"},"sameAs":["https:\/\/www.facebook.com\/physiolac.official","https:\/\/www.instagram.com\/physiolac\/"]}]}},"_links":{"self":[{"href":"https:\/\/shop.physiolac.com\/en\/wp-json\/wp\/v2\/product\/1998","targetHints":{"allow":["GET"]}}],"collection":[{"href":"https:\/\/shop.physiolac.com\/en\/wp-json\/wp\/v2\/product"}],"about":[{"href":"https:\/\/shop.physiolac.com\/en\/wp-json\/wp\/v2\/types\/product"}],"wp:featuredmedia":[{"embeddable":true,"href":"https:\/\/shop.physiolac.com\/en\/wp-json\/wp\/v2\/media\/118088"}],"wp:attachment":[{"href":"https:\/\/shop.physiolac.com\/en\/wp-json\/wp\/v2\/media?parent=1998"}],"wp:term":[{"taxonomy":"product_brand","embeddable":true,"href":"https:\/\/shop.physiolac.com\/en\/wp-json\/wp\/v2\/product_brand?post=1998"},{"taxonomy":"product_cat","embeddable":true,"href":"https:\/\/shop.physiolac.com\/en\/wp-json\/wp\/v2\/product_cat?post=1998"},{"taxonomy":"product_tag","embeddable":true,"href":"https:\/\/shop.physiolac.com\/en\/wp-json\/wp\/v2\/product_tag?post=1998"}],"curies":[{"name":"wp","href":"https:\/\/api.w.org\/{rel}","templated":true}]}}